{"id":7,"date":"2025-12-12T08:22:43","date_gmt":"2025-12-12T08:22:43","guid":{"rendered":"https:\/\/www.raatikainen.mediasaari.fi\/?page_id=7"},"modified":"2025-12-19T11:06:46","modified_gmt":"2025-12-19T11:06:46","slug":"__trashed","status":"publish","type":"page","link":"https:\/\/www.raatikainen.mediasaari.fi\/","title":{"rendered":"Etusivu"},"content":{"rendered":"\n<div class=\"wp-block-columns is-layout-flex wp-container-core-columns-is-layout-9d6595d7 wp-block-columns-is-layout-flex\">\n<div class=\"wp-block-column is-layout-flow wp-block-column-is-layout-flow\">\n<figure class=\"wp-block-gallery has-nested-images columns-default is-cropped wp-block-gallery-1 is-layout-flex wp-block-gallery-is-layout-flex\">\n<figure class=\"wp-block-image size-large\"><img loading=\"lazy\" decoding=\"async\" width=\"831\" height=\"1024\" data-id=\"55\" src=\"https:\/\/www.raatikainen.mediasaari.fi\/wp-content\/uploads\/2025\/12\/cara_web-831x1024.jpg\" alt=\"\" class=\"wp-image-55\" srcset=\"https:\/\/www.raatikainen.mediasaari.fi\/wp-content\/uploads\/2025\/12\/cara_web-831x1024.jpg 831w, https:\/\/www.raatikainen.mediasaari.fi\/wp-content\/uploads\/2025\/12\/cara_web-244x300.jpg 244w, https:\/\/www.raatikainen.mediasaari.fi\/wp-content\/uploads\/2025\/12\/cara_web-768x946.jpg 768w, https:\/\/www.raatikainen.mediasaari.fi\/wp-content\/uploads\/2025\/12\/cara_web.jpg 885w\" sizes=\"auto, (max-width: 831px) 100vw, 831px\" \/><\/figure>\n<\/figure>\n<\/div>\n\n\n\n<div class=\"wp-block-column is-layout-flow wp-block-column-is-layout-flow\">\n<p>Olen 16-vuotias el\u00e4m\u00e4n ihmeit\u00e4 kummasteleva media-alan opiskelija. Opiskelen OSAO:lla ja asun Oulussa omillani.<\/p>\n\n\n\n<p>Kotikotona Etel\u00e4-Suomessa minulla on ihana hevonen Cara.<\/p>\n\n\n\n<p><\/p>\n<\/div>\n<\/div>\n\n\n\n<div class=\"wp-block-columns is-layout-flex wp-container-core-columns-is-layout-9d6595d7 wp-block-columns-is-layout-flex\">\n<div class=\"wp-block-column is-layout-flow wp-block-column-is-layout-flow\">\n<p>Lemppari juttujani hevosten lis\u00e4ksi on n\u00e4yttely ja valokuvaaminen joissa molemmissa pyrin kehittym\u00e4\u00e4n koko ajan!<\/p>\n\n\n\n<p>Minusta on t\u00e4rke\u00e4\u00e4, ett\u00e4 asiakkaana saat turvallisen, l\u00e4mpim\u00e4n ja hyv\u00e4n kokemuksen, sek\u00e4 juuri sen lopputuloksen jota l\u00e4hdit hakemaan.<\/p>\n\n\n\n<p>Minulla ei ole viel\u00e4 paljoa kokemusta t\u00e4lt\u00e4 alalta (tsekkaa <a href=\"https:\/\/www.raatikainen.mediasaari.fi\/?page_id=14\" data-type=\"page\" data-id=\"14\">portfolio<\/a>), mutta olen ollut kolme kes\u00e4\u00e4 asiakaspalveluty\u00f6ss\u00e4 ja tehnyt sis\u00e4lt\u00f6\u00e4 sosiaaliseen mediaan.<\/p>\n\n\n\n<p>En ota el\u00e4m\u00e4\u00e4 liian vakavasti, olen l\u00e4mmin ja helposti l\u00e4hestytt\u00e4v\u00e4 ja olen valmis kehitt\u00e4m\u00e4\u00e4n osaamistani ja oppimaan uutta. Toivottavasti t\u00f6rm\u00e4t\u00e4\u00e4n yhteisten projektien parissa!<\/p>\n<\/div>\n<\/div>\n","protected":false},"excerpt":{"rendered":"<p>Olen 16-vuotias el\u00e4m\u00e4n ihmeit\u00e4 kummasteleva media-alan opiskelija. Opiskelen OSAO:lla ja asun Oulussa omillani. Kotikotona Etel\u00e4-Suomessa minulla on ihana hevonen Cara. Lemppari juttujani hevosten lis\u00e4ksi on n\u00e4yttely ja valokuvaaminen joissa molemmissa pyrin kehittym\u00e4\u00e4n koko ajan! Minusta on t\u00e4rke\u00e4\u00e4, ett\u00e4 asiakkaana saat turvallisen, l\u00e4mpim\u00e4n ja hyv\u00e4n kokemuksen, sek\u00e4 juuri sen lopputuloksen jota l\u00e4hdit hakemaan. Minulla ei ole&hellip; <a class=\"more-link\" href=\"https:\/\/www.raatikainen.mediasaari.fi\/\">Jatka lukemista <span class=\"screen-reader-text\">Etusivu<\/span><\/a><\/p>\n","protected":false},"author":1,"featured_media":0,"parent":0,"menu_order":0,"comment_status":"closed","ping_status":"closed","template":"","meta":{"footnotes":""},"class_list":["post-7","page","type-page","status-publish","hentry","entry"],"_links":{"self":[{"href":"https:\/\/www.raatikainen.mediasaari.fi\/index.php?rest_route=\/wp\/v2\/pages\/7","targetHints":{"allow":["GET"]}}],"collection":[{"href":"https:\/\/www.raatikainen.mediasaari.fi\/index.php?rest_route=\/wp\/v2\/pages"}],"about":[{"href":"https:\/\/www.raatikainen.mediasaari.fi\/index.php?rest_route=\/wp\/v2\/types\/page"}],"author":[{"embeddable":true,"href":"https:\/\/www.raatikainen.mediasaari.fi\/index.php?rest_route=\/wp\/v2\/users\/1"}],"replies":[{"embeddable":true,"href":"https:\/\/www.raatikainen.mediasaari.fi\/index.php?rest_route=%2Fwp%2Fv2%2Fcomments&post=7"}],"version-history":[{"count":6,"href":"https:\/\/www.raatikainen.mediasaari.fi\/index.php?rest_route=\/wp\/v2\/pages\/7\/revisions"}],"predecessor-version":[{"id":72,"href":"https:\/\/www.raatikainen.mediasaari.fi\/index.php?rest_route=\/wp\/v2\/pages\/7\/revisions\/72"}],"wp:attachment":[{"href":"https:\/\/www.raatikainen.mediasaari.fi\/index.php?rest_route=%2Fwp%2Fv2%2Fmedia&parent=7"}],"curies":[{"name":"wp","href":"https:\/\/api.w.org\/{rel}","templated":true}]}}