{"id":16,"date":"2025-12-15T07:45:02","date_gmt":"2025-12-15T07:45:02","guid":{"rendered":"https:\/\/www.raatikainen.mediasaari.fi\/?page_id=16"},"modified":"2025-12-19T11:09:11","modified_gmt":"2025-12-19T11:09:11","slug":"yhteystiedot","status":"publish","type":"page","link":"https:\/\/www.raatikainen.mediasaari.fi\/?page_id=16","title":{"rendered":"Yhteystiedot"},"content":{"rendered":"<div class=\"wp-block-image\">\n<figure class=\"alignleft size-large\"><img loading=\"lazy\" decoding=\"async\" width=\"1024\" height=\"682\" src=\"https:\/\/www.raatikainen.mediasaari.fi\/wp-content\/uploads\/2025\/12\/saara-sd-1024x682.jpg\" alt=\"\" class=\"wp-image-31\" srcset=\"https:\/\/www.raatikainen.mediasaari.fi\/wp-content\/uploads\/2025\/12\/saara-sd-1024x682.jpg 1024w, https:\/\/www.raatikainen.mediasaari.fi\/wp-content\/uploads\/2025\/12\/saara-sd-300x200.jpg 300w, https:\/\/www.raatikainen.mediasaari.fi\/wp-content\/uploads\/2025\/12\/saara-sd-768x512.jpg 768w, https:\/\/www.raatikainen.mediasaari.fi\/wp-content\/uploads\/2025\/12\/saara-sd-1536x1023.jpg 1536w, https:\/\/www.raatikainen.mediasaari.fi\/wp-content\/uploads\/2025\/12\/saara-sd.jpg 1551w\" sizes=\"auto, (max-width: 1024px) 100vw, 1024px\" \/><\/figure>\n<\/div>\n\n\n<p>Kaipaatko valokuvausta? Onko h\u00e4\u00e4t tai nimi\u00e4iset tulossa? haluatko ikuistaa lemmikkisi tunnelmalliseen kuvaan? Toteutetaan n\u00e4m\u00e4 ja paljon enemm\u00e4n sun toiveiden mukaan, ja opiskelijahintaan \ud83d\ude09<\/p>\n\n\n\n<p>Ota rohkeasti yhteytt\u00e4 !<\/p>\n\n\n\n<p>p. 044 235 6622<\/p>\n\n\n\n<p>saara.raatikainen2009@gmail.com<\/p>\n\n\n\n<p>L\u00f6yd\u00e4t minut instagramista nimell\u00e4 saarahelenaa_ !<\/p>\n\n\n\n<p>90520, Oulu <\/p>\n","protected":false},"excerpt":{"rendered":"<p>Kaipaatko valokuvausta? Onko h\u00e4\u00e4t tai nimi\u00e4iset tulossa? haluatko ikuistaa lemmikkisi tunnelmalliseen kuvaan? Toteutetaan n\u00e4m\u00e4 ja paljon enemm\u00e4n sun toiveiden mukaan, ja opiskelijahintaan \ud83d\ude09 Ota rohkeasti yhteytt\u00e4 ! p. 044 235 6622 saara.raatikainen2009@gmail.com L\u00f6yd\u00e4t minut instagramista nimell\u00e4 saarahelenaa_ ! 90520, Oulu<\/p>\n","protected":false},"author":1,"featured_media":0,"parent":0,"menu_order":0,"comment_status":"closed","ping_status":"closed","template":"","meta":{"footnotes":""},"class_list":["post-16","page","type-page","status-publish","hentry","entry"],"_links":{"self":[{"href":"https:\/\/www.raatikainen.mediasaari.fi\/index.php?rest_route=\/wp\/v2\/pages\/16","targetHints":{"allow":["GET"]}}],"collection":[{"href":"https:\/\/www.raatikainen.mediasaari.fi\/index.php?rest_route=\/wp\/v2\/pages"}],"about":[{"href":"https:\/\/www.raatikainen.mediasaari.fi\/index.php?rest_route=\/wp\/v2\/types\/page"}],"author":[{"embeddable":true,"href":"https:\/\/www.raatikainen.mediasaari.fi\/index.php?rest_route=\/wp\/v2\/users\/1"}],"replies":[{"embeddable":true,"href":"https:\/\/www.raatikainen.mediasaari.fi\/index.php?rest_route=%2Fwp%2Fv2%2Fcomments&post=16"}],"version-history":[{"count":3,"href":"https:\/\/www.raatikainen.mediasaari.fi\/index.php?rest_route=\/wp\/v2\/pages\/16\/revisions"}],"predecessor-version":[{"id":74,"href":"https:\/\/www.raatikainen.mediasaari.fi\/index.php?rest_route=\/wp\/v2\/pages\/16\/revisions\/74"}],"wp:attachment":[{"href":"https:\/\/www.raatikainen.mediasaari.fi\/index.php?rest_route=%2Fwp%2Fv2%2Fmedia&parent=16"}],"curies":[{"name":"wp","href":"https:\/\/api.w.org\/{rel}","templated":true}]}}